{"id":2670,"date":"2025-03-26T11:42:40","date_gmt":"2025-03-26T10:42:40","guid":{"rendered":"https:\/\/premierpadel.hu\/booking\/"},"modified":"2026-03-18T16:53:43","modified_gmt":"2026-03-18T15:53:43","slug":"booking","status":"publish","type":"page","link":"https:\/\/premierpadel.hu\/en\/booking\/","title":{"rendered":"Booking"},"content":{"rendered":"\t\t<div data-elementor-type=\"wp-page\" data-elementor-id=\"2670\" class=\"elementor elementor-2670 elementor-778\" data-elementor-post-type=\"page\">\n\t\t\t\t<div class=\"elementor-element elementor-element-35ccb2b e-flex e-con-boxed e-con e-parent\" data-id=\"35ccb2b\" data-element_type=\"container\">\n\t\t\t\t\t<div class=\"e-con-inner\">\n\t\t\t\t<div class=\"elementor-element elementor-element-c901911 elementor-widget elementor-widget-heading\" data-id=\"c901911\" data-element_type=\"widget\" data-widget_type=\"heading.default\">\n\t\t\t\t<div class=\"elementor-widget-container\">\n\t\t\t\t\t<h1 class=\"elementor-heading-title elementor-size-default\">Booking<\/h1>\t\t\t\t<\/div>\n\t\t\t\t<\/div>\n\t\t\t\t<div class=\"elementor-element elementor-element-5ca8f74 elementor-widget elementor-widget-image\" data-id=\"5ca8f74\" data-element_type=\"widget\" data-widget_type=\"image.default\">\n\t\t\t\t<div class=\"elementor-widget-container\">\n\t\t\t\t\t\t\t\t\t\t\t\t\t\t\t<img decoding=\"async\" width=\"500\" height=\"41\" src=\"https:\/\/premierpadel.hu\/wp-content\/uploads\/2025\/03\/zold-vonal.webp\" class=\"attachment-large size-large wp-image-2363\" alt=\"\" srcset=\"https:\/\/premierpadel.hu\/wp-content\/uploads\/2025\/03\/zold-vonal.webp 500w, https:\/\/premierpadel.hu\/wp-content\/uploads\/2025\/03\/zold-vonal-300x25.webp 300w\" sizes=\"(max-width: 500px) 100vw, 500px\" \/>\t\t\t\t\t\t\t\t\t\t\t\t\t\t\t<\/div>\n\t\t\t\t<\/div>\n\t\t<div class=\"elementor-element elementor-element-b85ebc5 e-con-full e-flex e-con e-child\" data-id=\"b85ebc5\" data-element_type=\"container\">\n\t\t\t\t<div class=\"elementor-element elementor-element-7937c73 elementor-cta--skin-cover elementor-cta--valign-bottom elementor-widget__width-initial elementor-bg-transform elementor-bg-transform-zoom-in elementor-widget elementor-widget-call-to-action\" data-id=\"7937c73\" data-element_type=\"widget\" data-widget_type=\"call-to-action.default\">\n\t\t\t\t<div class=\"elementor-widget-container\">\n\t\t\t\t\t\t\t<a class=\"elementor-cta\" href=\"https:\/\/playtomic.io\/premier-padel-nagyret\/0f5e6585-1026-4383-b306-d14816b93063?q=PADEL~2025-03-26~~~\" target=\"_blank\">\n\t\t\t\t\t<div class=\"elementor-cta__bg-wrapper\">\n\t\t\t\t<div class=\"elementor-cta__bg elementor-bg\" style=\"background-image: url(https:\/\/premierpadel.hu\/wp-content\/uploads\/2025\/03\/premier-padel-huvosvolgy.webp);\" role=\"img\" aria-label=\"premier-padel-huvosvolgy\"><\/div>\n\t\t\t\t<div class=\"elementor-cta__bg-overlay\"><\/div>\n\t\t\t<\/div>\n\t\t\t\t\t\t\t<div class=\"elementor-cta__content\">\n\t\t\t\t\n\t\t\t\t\t\t\t\t\t<h3 class=\"elementor-cta__title elementor-cta__content-item elementor-content-item\">\n\t\t\t\t\t\tPremier padel Nagyr\u00e9t\t\t\t\t\t<\/h3>\n\t\t\t\t\n\t\t\t\t\t\t\t\t\t<div class=\"elementor-cta__description elementor-cta__content-item elementor-content-item\">\n\t\t\t\t\t\tBudapest - 2nd district\t\t\t\t\t<\/div>\n\t\t\t\t\n\t\t\t\t\t\t\t\t\t<div class=\"elementor-cta__button-wrapper elementor-cta__content-item elementor-content-item \">\n\t\t\t\t\t<span class=\"elementor-cta__button elementor-button elementor-size-\">\n\t\t\t\t\t\tBook now\t\t\t\t\t<\/span>\n\t\t\t\t\t<\/div>\n\t\t\t\t\t\t\t<\/div>\n\t\t\t\t\t\t<\/a>\n\t\t\t\t\t\t<\/div>\n\t\t\t\t<\/div>\n\t\t\t\t<div class=\"elementor-element elementor-element-5a833f3 elementor-cta--skin-cover elementor-cta--valign-bottom elementor-widget__width-initial elementor-bg-transform elementor-bg-transform-zoom-in elementor-widget elementor-widget-call-to-action\" data-id=\"5a833f3\" data-element_type=\"widget\" data-widget_type=\"call-to-action.default\">\n\t\t\t\t<div class=\"elementor-widget-container\">\n\t\t\t\t\t\t\t<a class=\"elementor-cta\" href=\"https:\/\/playtomic.io\/premier-padel-park\/4c346e63-cde8-4177-b57d-e9144da69939?q=PADEL~2025-03-26~~~\" target=\"_blank\">\n\t\t\t\t\t<div class=\"elementor-cta__bg-wrapper\">\n\t\t\t\t<div class=\"elementor-cta__bg elementor-bg\" style=\"background-image: url(https:\/\/premierpadel.hu\/wp-content\/uploads\/2025\/03\/premier-padel-park.webp);\" role=\"img\" aria-label=\"premier-padel-park\"><\/div>\n\t\t\t\t<div class=\"elementor-cta__bg-overlay\"><\/div>\n\t\t\t<\/div>\n\t\t\t\t\t\t\t<div class=\"elementor-cta__content\">\n\t\t\t\t\n\t\t\t\t\t\t\t\t\t<h3 class=\"elementor-cta__title elementor-cta__content-item elementor-content-item\">\n\t\t\t\t\t\tPremier padel park\t\t\t\t\t<\/h3>\n\t\t\t\t\n\t\t\t\t\t\t\t\t\t<div class=\"elementor-cta__description elementor-cta__content-item elementor-content-item\">\n\t\t\t\t\t\tBudapest - 11th district\t\t\t\t\t<\/div>\n\t\t\t\t\n\t\t\t\t\t\t\t\t\t<div class=\"elementor-cta__button-wrapper elementor-cta__content-item elementor-content-item \">\n\t\t\t\t\t<span class=\"elementor-cta__button elementor-button elementor-size-\">\n\t\t\t\t\t\tBook now\t\t\t\t\t<\/span>\n\t\t\t\t\t<\/div>\n\t\t\t\t\t\t\t<\/div>\n\t\t\t\t\t\t<\/a>\n\t\t\t\t\t\t<\/div>\n\t\t\t\t<\/div>\n\t\t\t\t<div class=\"elementor-element elementor-element-6491248 elementor-cta--skin-cover elementor-cta--valign-bottom elementor-widget__width-initial elementor-bg-transform elementor-bg-transform-zoom-in elementor-widget elementor-widget-call-to-action\" data-id=\"6491248\" data-element_type=\"widget\" data-widget_type=\"call-to-action.default\">\n\t\t\t\t<div class=\"elementor-widget-container\">\n\t\t\t\t\t\t\t<a class=\"elementor-cta\" href=\"https:\/\/furedpadel.hu\/court-reservation\" target=\"_blank\">\n\t\t\t\t\t<div class=\"elementor-cta__bg-wrapper\">\n\t\t\t\t<div class=\"elementor-cta__bg elementor-bg\" style=\"background-image: url(https:\/\/premierpadel.hu\/wp-content\/uploads\/2025\/03\/premier-padel-fured.webp);\" role=\"img\" aria-label=\"premier-padel-fured\"><\/div>\n\t\t\t\t<div class=\"elementor-cta__bg-overlay\"><\/div>\n\t\t\t<\/div>\n\t\t\t\t\t\t\t<div class=\"elementor-cta__content\">\n\t\t\t\t\n\t\t\t\t\t\t\t\t\t<h3 class=\"elementor-cta__title elementor-cta__content-item elementor-content-item\">\n\t\t\t\t\t\tPremier padel tabs\t\t\t\t\t<\/h3>\n\t\t\t\t\n\t\t\t\t\t\t\t\t\t<div class=\"elementor-cta__description elementor-cta__content-item elementor-content-item\">\n\t\t\t\t\t\tBalatonf\u00fcred - Forr\u00e1s\t\t\t\t\t<\/div>\n\t\t\t\t\n\t\t\t\t\t\t\t\t\t<div class=\"elementor-cta__button-wrapper elementor-cta__content-item elementor-content-item \">\n\t\t\t\t\t<span class=\"elementor-cta__button elementor-button elementor-size-\">\n\t\t\t\t\t\tBook now\t\t\t\t\t<\/span>\n\t\t\t\t\t<\/div>\n\t\t\t\t\t\t\t<\/div>\n\t\t\t\t\t\t<\/a>\n\t\t\t\t\t\t<\/div>\n\t\t\t\t<\/div>\n\t\t\t\t<\/div>\n\t\t\t\t\t<\/div>\n\t\t\t\t<\/div>\n\t\t<div class=\"elementor-element elementor-element-7b24a69 e-flex e-con-boxed e-con e-parent\" data-id=\"7b24a69\" data-element_type=\"container\" data-settings=\"{&quot;background_background&quot;:&quot;classic&quot;}\">\n\t\t\t\t\t<div class=\"e-con-inner\">\n\t\t\t\t<div class=\"elementor-element elementor-element-ac0bf65 elementor-widget elementor-widget-heading\" data-id=\"ac0bf65\" data-element_type=\"widget\" data-widget_type=\"heading.default\">\n\t\t\t\t<div class=\"elementor-widget-container\">\n\t\t\t\t\t<h3 class=\"elementor-heading-title elementor-size-default\">Cancellation policy<\/h3>\t\t\t\t<\/div>\n\t\t\t\t<\/div>\n\t\t\t\t<div class=\"elementor-element elementor-element-3588f39 elementor-widget elementor-widget-text-editor\" data-id=\"3588f39\" data-element_type=\"widget\" data-widget_type=\"text-editor.default\">\n\t\t\t\t<div class=\"elementor-widget-container\">\n\t\t\t\t\t\t\t\t\t<p>Court cancellations are only possible up to 48 hours before the scheduled start time. If the game is missed, the full court fee must be covered by the player who made the reservation. <\/p><p>In case of a training cancellation, both the court fee and the coaching fee must be paid.<\/p>\t\t\t\t\t\t\t\t<\/div>\n\t\t\t\t<\/div>\n\t\t\t\t\t<\/div>\n\t\t\t\t<\/div>\n\t\t\t\t<\/div>\n\t\t","protected":false},"excerpt":{"rendered":"<p>Booking Premier padel Nagyr\u00e9t Budapest &#8211; 2nd district Book now Premier padel park Budapest &#8211; 11th district Book now Premier padel tabs Balatonf\u00fcred &#8211; Forr\u00e1s Book now Cancellation policy Court cancellations are only possible up to 48 hours before the scheduled start time. If the game is missed, the full court fee must be covered [&hellip;]<\/p>\n","protected":false},"author":6,"featured_media":2552,"parent":0,"menu_order":0,"comment_status":"closed","ping_status":"closed","template":"","meta":{"footnotes":""},"class_list":["post-2670","page","type-page","status-publish","has-post-thumbnail","hentry"],"yoast_head":"<!-- This site is optimized with the Yoast SEO plugin v25.1 - https:\/\/yoast.com\/wordpress\/plugins\/seo\/ -->\n<title>Booking - Premier Padel<\/title>\n<meta name=\"description\" content=\"Premier Padel Club is more than just a place to play \u2013 for us, padel is a true experience and a social way of life.\" \/>\n<meta name=\"robots\" content=\"index, follow, max-snippet:-1, max-image-preview:large, max-video-preview:-1\" \/>\n<link rel=\"canonical\" href=\"https:\/\/premierpadel.hu\/en\/booking\/\" \/>\n<meta property=\"og:locale\" content=\"en_US\" \/>\n<meta property=\"og:type\" content=\"article\" \/>\n<meta property=\"og:title\" content=\"Booking - Premier Padel\" \/>\n<meta property=\"og:description\" content=\"Premier Padel Club is more than just a place to play \u2013 for us, padel is a true experience and a social way of life.\" \/>\n<meta property=\"og:url\" content=\"https:\/\/premierpadel.hu\/en\/booking\/\" \/>\n<meta property=\"og:site_name\" content=\"Premier Padel\" \/>\n<meta property=\"article:modified_time\" content=\"2026-03-18T15:53:43+00:00\" \/>\n<meta property=\"og:image\" content=\"https:\/\/premierpadel.hu\/wp-content\/uploads\/2025\/04\/premier-padel.jpg\" \/>\n\t<meta property=\"og:image:width\" content=\"1200\" \/>\n\t<meta property=\"og:image:height\" content=\"675\" \/>\n\t<meta property=\"og:image:type\" content=\"image\/jpeg\" \/>\n<meta name=\"twitter:card\" content=\"summary_large_image\" \/>\n<meta name=\"twitter:label1\" content=\"Est. reading time\" \/>\n\t<meta name=\"twitter:data1\" content=\"1 minute\" \/>\n<script type=\"application\/ld+json\" class=\"yoast-schema-graph\">{\"@context\":\"https:\/\/schema.org\",\"@graph\":[{\"@type\":\"WebPage\",\"@id\":\"https:\/\/premierpadel.hu\/en\/booking\/\",\"url\":\"https:\/\/premierpadel.hu\/en\/booking\/\",\"name\":\"Booking - Premier Padel\",\"isPartOf\":{\"@id\":\"https:\/\/premierpadel.hu\/en\/#website\"},\"primaryImageOfPage\":{\"@id\":\"https:\/\/premierpadel.hu\/en\/booking\/#primaryimage\"},\"image\":{\"@id\":\"https:\/\/premierpadel.hu\/en\/booking\/#primaryimage\"},\"thumbnailUrl\":\"https:\/\/premierpadel.hu\/wp-content\/uploads\/2025\/04\/premier-padel.jpg\",\"datePublished\":\"2025-03-26T10:42:40+00:00\",\"dateModified\":\"2026-03-18T15:53:43+00:00\",\"description\":\"Premier Padel Club is more than just a place to play \u2013 for us, padel is a true experience and a social way of life.\",\"breadcrumb\":{\"@id\":\"https:\/\/premierpadel.hu\/en\/booking\/#breadcrumb\"},\"inLanguage\":\"en-US\",\"potentialAction\":[{\"@type\":\"ReadAction\",\"target\":[\"https:\/\/premierpadel.hu\/en\/booking\/\"]}]},{\"@type\":\"ImageObject\",\"inLanguage\":\"en-US\",\"@id\":\"https:\/\/premierpadel.hu\/en\/booking\/#primaryimage\",\"url\":\"https:\/\/premierpadel.hu\/wp-content\/uploads\/2025\/04\/premier-padel.jpg\",\"contentUrl\":\"https:\/\/premierpadel.hu\/wp-content\/uploads\/2025\/04\/premier-padel.jpg\",\"width\":1200,\"height\":675},{\"@type\":\"BreadcrumbList\",\"@id\":\"https:\/\/premierpadel.hu\/en\/booking\/#breadcrumb\",\"itemListElement\":[{\"@type\":\"ListItem\",\"position\":1,\"name\":\"Home\",\"item\":\"https:\/\/premierpadel.hu\/en\/\"},{\"@type\":\"ListItem\",\"position\":2,\"name\":\"Booking\"}]},{\"@type\":\"WebSite\",\"@id\":\"https:\/\/premierpadel.hu\/en\/#website\",\"url\":\"https:\/\/premierpadel.hu\/en\/\",\"name\":\"Premier Padel\",\"description\":\"Az orsz\u00e1g els\u0151sz\u00e1m\u00fa padel k\u00f6z\u00f6ss\u00e9ge\",\"publisher\":{\"@id\":\"https:\/\/premierpadel.hu\/en\/#organization\"},\"potentialAction\":[{\"@type\":\"SearchAction\",\"target\":{\"@type\":\"EntryPoint\",\"urlTemplate\":\"https:\/\/premierpadel.hu\/en\/?s={search_term_string}\"},\"query-input\":{\"@type\":\"PropertyValueSpecification\",\"valueRequired\":true,\"valueName\":\"search_term_string\"}}],\"inLanguage\":\"en-US\"},{\"@type\":\"Organization\",\"@id\":\"https:\/\/premierpadel.hu\/en\/#organization\",\"name\":\"Premier Padel\",\"url\":\"https:\/\/premierpadel.hu\/en\/\",\"logo\":{\"@type\":\"ImageObject\",\"inLanguage\":\"en-US\",\"@id\":\"https:\/\/premierpadel.hu\/en\/#\/schema\/logo\/image\/\",\"url\":\"https:\/\/premierpadel.hu\/wp-content\/uploads\/2025\/04\/premier-padel-logo.png\",\"contentUrl\":\"https:\/\/premierpadel.hu\/wp-content\/uploads\/2025\/04\/premier-padel-logo.png\",\"width\":500,\"height\":500,\"caption\":\"Premier Padel\"},\"image\":{\"@id\":\"https:\/\/premierpadel.hu\/en\/#\/schema\/logo\/image\/\"}}]}<\/script>\n<!-- \/ Yoast SEO plugin. -->","yoast_head_json":{"title":"Booking - Premier Padel","description":"Premier Padel Club is more than just a place to play \u2013 for us, padel is a true experience and a social way of life.","robots":{"index":"index","follow":"follow","max-snippet":"max-snippet:-1","max-image-preview":"max-image-preview:large","max-video-preview":"max-video-preview:-1"},"canonical":"https:\/\/premierpadel.hu\/en\/booking\/","og_locale":"en_US","og_type":"article","og_title":"Booking - Premier Padel","og_description":"Premier Padel Club is more than just a place to play \u2013 for us, padel is a true experience and a social way of life.","og_url":"https:\/\/premierpadel.hu\/en\/booking\/","og_site_name":"Premier Padel","article_modified_time":"2026-03-18T15:53:43+00:00","og_image":[{"width":1200,"height":675,"url":"https:\/\/premierpadel.hu\/wp-content\/uploads\/2025\/04\/premier-padel.jpg","type":"image\/jpeg"}],"twitter_card":"summary_large_image","twitter_misc":{"Est. reading time":"1 minute"},"schema":{"@context":"https:\/\/schema.org","@graph":[{"@type":"WebPage","@id":"https:\/\/premierpadel.hu\/en\/booking\/","url":"https:\/\/premierpadel.hu\/en\/booking\/","name":"Booking - Premier Padel","isPartOf":{"@id":"https:\/\/premierpadel.hu\/en\/#website"},"primaryImageOfPage":{"@id":"https:\/\/premierpadel.hu\/en\/booking\/#primaryimage"},"image":{"@id":"https:\/\/premierpadel.hu\/en\/booking\/#primaryimage"},"thumbnailUrl":"https:\/\/premierpadel.hu\/wp-content\/uploads\/2025\/04\/premier-padel.jpg","datePublished":"2025-03-26T10:42:40+00:00","dateModified":"2026-03-18T15:53:43+00:00","description":"Premier Padel Club is more than just a place to play \u2013 for us, padel is a true experience and a social way of life.","breadcrumb":{"@id":"https:\/\/premierpadel.hu\/en\/booking\/#breadcrumb"},"inLanguage":"en-US","potentialAction":[{"@type":"ReadAction","target":["https:\/\/premierpadel.hu\/en\/booking\/"]}]},{"@type":"ImageObject","inLanguage":"en-US","@id":"https:\/\/premierpadel.hu\/en\/booking\/#primaryimage","url":"https:\/\/premierpadel.hu\/wp-content\/uploads\/2025\/04\/premier-padel.jpg","contentUrl":"https:\/\/premierpadel.hu\/wp-content\/uploads\/2025\/04\/premier-padel.jpg","width":1200,"height":675},{"@type":"BreadcrumbList","@id":"https:\/\/premierpadel.hu\/en\/booking\/#breadcrumb","itemListElement":[{"@type":"ListItem","position":1,"name":"Home","item":"https:\/\/premierpadel.hu\/en\/"},{"@type":"ListItem","position":2,"name":"Booking"}]},{"@type":"WebSite","@id":"https:\/\/premierpadel.hu\/en\/#website","url":"https:\/\/premierpadel.hu\/en\/","name":"Premier Padel","description":"Az orsz\u00e1g els\u0151sz\u00e1m\u00fa padel k\u00f6z\u00f6ss\u00e9ge","publisher":{"@id":"https:\/\/premierpadel.hu\/en\/#organization"},"potentialAction":[{"@type":"SearchAction","target":{"@type":"EntryPoint","urlTemplate":"https:\/\/premierpadel.hu\/en\/?s={search_term_string}"},"query-input":{"@type":"PropertyValueSpecification","valueRequired":true,"valueName":"search_term_string"}}],"inLanguage":"en-US"},{"@type":"Organization","@id":"https:\/\/premierpadel.hu\/en\/#organization","name":"Premier Padel","url":"https:\/\/premierpadel.hu\/en\/","logo":{"@type":"ImageObject","inLanguage":"en-US","@id":"https:\/\/premierpadel.hu\/en\/#\/schema\/logo\/image\/","url":"https:\/\/premierpadel.hu\/wp-content\/uploads\/2025\/04\/premier-padel-logo.png","contentUrl":"https:\/\/premierpadel.hu\/wp-content\/uploads\/2025\/04\/premier-padel-logo.png","width":500,"height":500,"caption":"Premier Padel"},"image":{"@id":"https:\/\/premierpadel.hu\/en\/#\/schema\/logo\/image\/"}}]}},"_links":{"self":[{"href":"https:\/\/premierpadel.hu\/en\/wp-json\/wp\/v2\/pages\/2670","targetHints":{"allow":["GET"]}}],"collection":[{"href":"https:\/\/premierpadel.hu\/en\/wp-json\/wp\/v2\/pages"}],"about":[{"href":"https:\/\/premierpadel.hu\/en\/wp-json\/wp\/v2\/types\/page"}],"author":[{"embeddable":true,"href":"https:\/\/premierpadel.hu\/en\/wp-json\/wp\/v2\/users\/6"}],"replies":[{"embeddable":true,"href":"https:\/\/premierpadel.hu\/en\/wp-json\/wp\/v2\/comments?post=2670"}],"version-history":[{"count":0,"href":"https:\/\/premierpadel.hu\/en\/wp-json\/wp\/v2\/pages\/2670\/revisions"}],"wp:featuredmedia":[{"embeddable":true,"href":"https:\/\/premierpadel.hu\/en\/wp-json\/wp\/v2\/media\/2552"}],"wp:attachment":[{"href":"https:\/\/premierpadel.hu\/en\/wp-json\/wp\/v2\/media?parent=2670"}],"curies":[{"name":"wp","href":"https:\/\/api.w.org\/{rel}","templated":true}]}}