{"id":2676,"date":"2025-04-02T12:01:46","date_gmt":"2025-04-02T10:01:46","guid":{"rendered":"https:\/\/premierpadel.hu\/imprint\/"},"modified":"2025-05-29T20:58:14","modified_gmt":"2025-05-29T18:58:14","slug":"imprint","status":"publish","type":"page","link":"https:\/\/premierpadel.hu\/en\/imprint\/","title":{"rendered":"Imprint"},"content":{"rendered":"\t\t<div data-elementor-type=\"wp-page\" data-elementor-id=\"2676\" class=\"elementor elementor-2676 elementor-2215\" data-elementor-post-type=\"page\">\n\t\t\t\t<div class=\"elementor-element elementor-element-7080210 e-flex e-con-boxed e-con e-parent\" data-id=\"7080210\" data-element_type=\"container\" data-settings=\"{&quot;background_background&quot;:&quot;classic&quot;}\">\n\t\t\t\t\t<div class=\"e-con-inner\">\n\t\t\t\t<div class=\"elementor-element elementor-element-56c3d72 elementor-widget elementor-widget-heading\" data-id=\"56c3d72\" data-element_type=\"widget\" data-widget_type=\"heading.default\">\n\t\t\t\t<div class=\"elementor-widget-container\">\n\t\t\t\t\t<h1 class=\"elementor-heading-title elementor-size-default\">Imprint<\/h1>\t\t\t\t<\/div>\n\t\t\t\t<\/div>\n\t\t\t\t\t<\/div>\n\t\t\t\t<\/div>\n\t\t<div class=\"elementor-element elementor-element-1b056f5 e-flex e-con-boxed e-con e-parent\" data-id=\"1b056f5\" data-element_type=\"container\" data-settings=\"{&quot;background_background&quot;:&quot;classic&quot;}\">\n\t\t\t\t\t<div class=\"e-con-inner\">\n\t\t\t\t<div class=\"elementor-element elementor-element-44a7b0c elementor-widget elementor-widget-text-editor\" data-id=\"44a7b0c\" data-element_type=\"widget\" data-widget_type=\"text-editor.default\">\n\t\t\t\t<div class=\"elementor-widget-container\">\n\t\t\t\t\t\t\t\t\t<p>Website operator details:<\/p><p>Operator name: Premier Padel Club Kft.<\/p><p>Operator&#8217;s address: 6 Ratk\u00f3c k\u00f6z, 1118 Budapest<\/p><p>Operator&#8217;s tax number: 26273835243<\/p><p>Operator&#8217;s company registration number: 01 09 321404<\/p><p>Voluntary Chamber Membership: <a href=\"http:\/\/www.bkik.hu\/\">Budapest Chamber of Commerce and Industry<\/a> (1016 Budapest, Krisztina krt. 99.)<\/p><p>Operator&#8217;s e-mail address: <a href=\"mailto:foglalas@premierpadel.hu\">foglalas@premierpadel.hu<\/a><\/p><p>Operator&#8217;s telephone number: 06 30 587 1347<\/p><p>Community interfaces:<\/p><p><a href=\"https:\/\/www.facebook.com\/premierpadelbudapest\" target=\"_blank\" rel=\"noopener\">Facebook<\/a><\/p><p><a href=\"https:\/\/www.instagram.com\/premierpadelclub\" target=\"_blank\" rel=\"noopener\">Instagram<\/a><\/p><p><a href=\"https:\/\/www.youtube.com\/channel\/UCDgdKFvP6zC4eprotYW_y0Q\" target=\"_blank\" rel=\"noopener\">Youtube<\/a><\/p><p>Details of the hosting provider:<\/p><p>Company name: Websupport Hungary Kft.<\/p><p>Head office: 1132 Budapest, Victor Hugo utca 18-22.<\/p><p>Tax number: 25138205-2-41<\/p><p>EU Community VAT number: HU25138205<\/p><p>Company registration number: 01-09-381419<\/p><p>Bank account number: 10701049-49390807-51100005 (CIB Bank Zrt.)<\/p><p>IBAN bank account number: HU83-1070-1049-4939-0807-5110-0005<\/p><p>SWIFT code: CIBHHUHB<\/p>\t\t\t\t\t\t\t\t<\/div>\n\t\t\t\t<\/div>\n\t\t\t\t\t<\/div>\n\t\t\t\t<\/div>\n\t\t\t\t<\/div>\n\t\t","protected":false},"excerpt":{"rendered":"<p>Imprint Website operator details: Operator name: Premier Padel Club Kft. Operator&#8217;s address: 6 Ratk\u00f3c k\u00f6z, 1118 Budapest Operator&#8217;s tax number: 26273835243 Operator&#8217;s company registration number: 01 09 321404 Voluntary Chamber Membership: Budapest Chamber of Commerce and Industry (1016 Budapest, Krisztina krt. 99.) Operator&#8217;s e-mail address: foglalas@premierpadel.hu Operator&#8217;s telephone number: 06 30 587 1347 Community interfaces: [&hellip;]<\/p>\n","protected":false},"author":6,"featured_media":0,"parent":0,"menu_order":0,"comment_status":"closed","ping_status":"closed","template":"","meta":{"footnotes":""},"class_list":["post-2676","page","type-page","status-publish","hentry"],"yoast_head":"<!-- This site is optimized with the Yoast SEO plugin v25.1 - https:\/\/yoast.com\/wordpress\/plugins\/seo\/ -->\n<title>Imprint - Premier Padel<\/title>\n<meta name=\"description\" content=\"A Premier Padel Club nem csup\u00e1n egy hely, ahol sportolhatsz \u2013 n\u00e1lunk a padel igazi \u00e9lm\u00e9ny, k\u00f6z\u00f6ss\u00e9gi \u00e9letforma.\" \/>\n<meta name=\"robots\" content=\"noindex, follow\" \/>\n<meta property=\"og:locale\" content=\"en_US\" \/>\n<meta property=\"og:type\" content=\"article\" \/>\n<meta property=\"og:title\" content=\"Imprint - Premier Padel\" \/>\n<meta property=\"og:description\" content=\"A Premier Padel Club nem csup\u00e1n egy hely, ahol sportolhatsz \u2013 n\u00e1lunk a padel igazi \u00e9lm\u00e9ny, k\u00f6z\u00f6ss\u00e9gi \u00e9letforma.\" \/>\n<meta property=\"og:url\" content=\"https:\/\/premierpadel.hu\/en\/imprint\/\" \/>\n<meta property=\"og:site_name\" content=\"Premier Padel\" \/>\n<meta property=\"article:modified_time\" content=\"2025-05-29T18:58:14+00:00\" \/>\n<meta property=\"og:image\" content=\"https:\/\/premierpadel.hu\/wp-content\/uploads\/2025\/04\/premier-padel.jpg\" \/>\n\t<meta property=\"og:image:width\" content=\"1200\" \/>\n\t<meta property=\"og:image:height\" content=\"675\" \/>\n\t<meta property=\"og:image:type\" content=\"image\/jpeg\" \/>\n<meta name=\"twitter:card\" content=\"summary_large_image\" \/>\n<script type=\"application\/ld+json\" class=\"yoast-schema-graph\">{\"@context\":\"https:\/\/schema.org\",\"@graph\":[{\"@type\":\"WebPage\",\"@id\":\"https:\/\/premierpadel.hu\/en\/imprint\/\",\"url\":\"https:\/\/premierpadel.hu\/en\/imprint\/\",\"name\":\"Imprint - Premier Padel\",\"isPartOf\":{\"@id\":\"https:\/\/premierpadel.hu\/en\/#website\"},\"datePublished\":\"2025-04-02T10:01:46+00:00\",\"dateModified\":\"2025-05-29T18:58:14+00:00\",\"description\":\"A Premier Padel Club nem csup\u00e1n egy hely, ahol sportolhatsz \u2013 n\u00e1lunk a padel igazi \u00e9lm\u00e9ny, k\u00f6z\u00f6ss\u00e9gi \u00e9letforma.\",\"breadcrumb\":{\"@id\":\"https:\/\/premierpadel.hu\/en\/imprint\/#breadcrumb\"},\"inLanguage\":\"en-US\",\"potentialAction\":[{\"@type\":\"ReadAction\",\"target\":[\"https:\/\/premierpadel.hu\/en\/imprint\/\"]}]},{\"@type\":\"BreadcrumbList\",\"@id\":\"https:\/\/premierpadel.hu\/en\/imprint\/#breadcrumb\",\"itemListElement\":[{\"@type\":\"ListItem\",\"position\":1,\"name\":\"Home\",\"item\":\"https:\/\/premierpadel.hu\/en\/\"},{\"@type\":\"ListItem\",\"position\":2,\"name\":\"Imprint\"}]},{\"@type\":\"WebSite\",\"@id\":\"https:\/\/premierpadel.hu\/en\/#website\",\"url\":\"https:\/\/premierpadel.hu\/en\/\",\"name\":\"Premier Padel\",\"description\":\"Az orsz\u00e1g els\u0151sz\u00e1m\u00fa padel k\u00f6z\u00f6ss\u00e9ge\",\"publisher\":{\"@id\":\"https:\/\/premierpadel.hu\/en\/#organization\"},\"potentialAction\":[{\"@type\":\"SearchAction\",\"target\":{\"@type\":\"EntryPoint\",\"urlTemplate\":\"https:\/\/premierpadel.hu\/en\/?s={search_term_string}\"},\"query-input\":{\"@type\":\"PropertyValueSpecification\",\"valueRequired\":true,\"valueName\":\"search_term_string\"}}],\"inLanguage\":\"en-US\"},{\"@type\":\"Organization\",\"@id\":\"https:\/\/premierpadel.hu\/en\/#organization\",\"name\":\"Premier Padel\",\"url\":\"https:\/\/premierpadel.hu\/en\/\",\"logo\":{\"@type\":\"ImageObject\",\"inLanguage\":\"en-US\",\"@id\":\"https:\/\/premierpadel.hu\/en\/#\/schema\/logo\/image\/\",\"url\":\"https:\/\/premierpadel.hu\/wp-content\/uploads\/2025\/04\/premier-padel-logo.png\",\"contentUrl\":\"https:\/\/premierpadel.hu\/wp-content\/uploads\/2025\/04\/premier-padel-logo.png\",\"width\":500,\"height\":500,\"caption\":\"Premier Padel\"},\"image\":{\"@id\":\"https:\/\/premierpadel.hu\/en\/#\/schema\/logo\/image\/\"}}]}<\/script>\n<!-- \/ Yoast SEO plugin. -->","yoast_head_json":{"title":"Imprint - Premier Padel","description":"A Premier Padel Club nem csup\u00e1n egy hely, ahol sportolhatsz \u2013 n\u00e1lunk a padel igazi \u00e9lm\u00e9ny, k\u00f6z\u00f6ss\u00e9gi \u00e9letforma.","robots":{"index":"noindex","follow":"follow"},"og_locale":"en_US","og_type":"article","og_title":"Imprint - Premier Padel","og_description":"A Premier Padel Club nem csup\u00e1n egy hely, ahol sportolhatsz \u2013 n\u00e1lunk a padel igazi \u00e9lm\u00e9ny, k\u00f6z\u00f6ss\u00e9gi \u00e9letforma.","og_url":"https:\/\/premierpadel.hu\/en\/imprint\/","og_site_name":"Premier Padel","article_modified_time":"2025-05-29T18:58:14+00:00","og_image":[{"width":1200,"height":675,"url":"https:\/\/premierpadel.hu\/wp-content\/uploads\/2025\/04\/premier-padel.jpg","type":"image\/jpeg"}],"twitter_card":"summary_large_image","schema":{"@context":"https:\/\/schema.org","@graph":[{"@type":"WebPage","@id":"https:\/\/premierpadel.hu\/en\/imprint\/","url":"https:\/\/premierpadel.hu\/en\/imprint\/","name":"Imprint - Premier Padel","isPartOf":{"@id":"https:\/\/premierpadel.hu\/en\/#website"},"datePublished":"2025-04-02T10:01:46+00:00","dateModified":"2025-05-29T18:58:14+00:00","description":"A Premier Padel Club nem csup\u00e1n egy hely, ahol sportolhatsz \u2013 n\u00e1lunk a padel igazi \u00e9lm\u00e9ny, k\u00f6z\u00f6ss\u00e9gi \u00e9letforma.","breadcrumb":{"@id":"https:\/\/premierpadel.hu\/en\/imprint\/#breadcrumb"},"inLanguage":"en-US","potentialAction":[{"@type":"ReadAction","target":["https:\/\/premierpadel.hu\/en\/imprint\/"]}]},{"@type":"BreadcrumbList","@id":"https:\/\/premierpadel.hu\/en\/imprint\/#breadcrumb","itemListElement":[{"@type":"ListItem","position":1,"name":"Home","item":"https:\/\/premierpadel.hu\/en\/"},{"@type":"ListItem","position":2,"name":"Imprint"}]},{"@type":"WebSite","@id":"https:\/\/premierpadel.hu\/en\/#website","url":"https:\/\/premierpadel.hu\/en\/","name":"Premier Padel","description":"Az orsz\u00e1g els\u0151sz\u00e1m\u00fa padel k\u00f6z\u00f6ss\u00e9ge","publisher":{"@id":"https:\/\/premierpadel.hu\/en\/#organization"},"potentialAction":[{"@type":"SearchAction","target":{"@type":"EntryPoint","urlTemplate":"https:\/\/premierpadel.hu\/en\/?s={search_term_string}"},"query-input":{"@type":"PropertyValueSpecification","valueRequired":true,"valueName":"search_term_string"}}],"inLanguage":"en-US"},{"@type":"Organization","@id":"https:\/\/premierpadel.hu\/en\/#organization","name":"Premier Padel","url":"https:\/\/premierpadel.hu\/en\/","logo":{"@type":"ImageObject","inLanguage":"en-US","@id":"https:\/\/premierpadel.hu\/en\/#\/schema\/logo\/image\/","url":"https:\/\/premierpadel.hu\/wp-content\/uploads\/2025\/04\/premier-padel-logo.png","contentUrl":"https:\/\/premierpadel.hu\/wp-content\/uploads\/2025\/04\/premier-padel-logo.png","width":500,"height":500,"caption":"Premier Padel"},"image":{"@id":"https:\/\/premierpadel.hu\/en\/#\/schema\/logo\/image\/"}}]}},"_links":{"self":[{"href":"https:\/\/premierpadel.hu\/en\/wp-json\/wp\/v2\/pages\/2676","targetHints":{"allow":["GET"]}}],"collection":[{"href":"https:\/\/premierpadel.hu\/en\/wp-json\/wp\/v2\/pages"}],"about":[{"href":"https:\/\/premierpadel.hu\/en\/wp-json\/wp\/v2\/types\/page"}],"author":[{"embeddable":true,"href":"https:\/\/premierpadel.hu\/en\/wp-json\/wp\/v2\/users\/6"}],"replies":[{"embeddable":true,"href":"https:\/\/premierpadel.hu\/en\/wp-json\/wp\/v2\/comments?post=2676"}],"version-history":[{"count":0,"href":"https:\/\/premierpadel.hu\/en\/wp-json\/wp\/v2\/pages\/2676\/revisions"}],"wp:attachment":[{"href":"https:\/\/premierpadel.hu\/en\/wp-json\/wp\/v2\/media?parent=2676"}],"curies":[{"name":"wp","href":"https:\/\/api.w.org\/{rel}","templated":true}]}}