{"id":2682,"date":"2025-03-26T11:40:12","date_gmt":"2025-03-26T10:40:12","guid":{"rendered":"https:\/\/premierpadel.hu\/courts\/"},"modified":"2026-03-05T12:56:38","modified_gmt":"2026-03-05T11:56:38","slug":"courts","status":"publish","type":"page","link":"https:\/\/premierpadel.hu\/en\/courts\/","title":{"rendered":"Courts"},"content":{"rendered":"\t\t<div data-elementor-type=\"wp-page\" data-elementor-id=\"2682\" class=\"elementor elementor-2682 elementor-766\" data-elementor-post-type=\"page\">\n\t\t\t\t<div class=\"elementor-element elementor-element-ff3fbf3 e-flex e-con-boxed e-con e-parent\" data-id=\"ff3fbf3\" data-element_type=\"container\" data-settings=\"{&quot;background_background&quot;:&quot;gradient&quot;}\">\n\t\t\t\t\t<div class=\"e-con-inner\">\n\t\t\t\t<div class=\"elementor-element elementor-element-b8175dd elementor-widget elementor-widget-heading\" data-id=\"b8175dd\" data-element_type=\"widget\" data-widget_type=\"heading.default\">\n\t\t\t\t<div class=\"elementor-widget-container\">\n\t\t\t\t\t<h1 class=\"elementor-heading-title elementor-size-default\">Play with us at all four locations!<\/h1>\t\t\t\t<\/div>\n\t\t\t\t<\/div>\n\t\t\t\t<div class=\"elementor-element elementor-element-dbfb593 elementor-widget elementor-widget-image\" data-id=\"dbfb593\" data-element_type=\"widget\" data-widget_type=\"image.default\">\n\t\t\t\t<div class=\"elementor-widget-container\">\n\t\t\t\t\t\t\t\t\t\t\t\t\t\t\t<img decoding=\"async\" width=\"500\" height=\"41\" src=\"https:\/\/premierpadel.hu\/wp-content\/uploads\/2025\/03\/zold-vonal.webp\" class=\"attachment-large size-large wp-image-2363\" alt=\"\" srcset=\"https:\/\/premierpadel.hu\/wp-content\/uploads\/2025\/03\/zold-vonal.webp 500w, https:\/\/premierpadel.hu\/wp-content\/uploads\/2025\/03\/zold-vonal-300x25.webp 300w\" sizes=\"(max-width: 500px) 100vw, 500px\" \/>\t\t\t\t\t\t\t\t\t\t\t\t\t\t\t<\/div>\n\t\t\t\t<\/div>\n\t\t<div class=\"elementor-element elementor-element-ba260b9 e-con-full e-flex e-con e-child\" data-id=\"ba260b9\" data-element_type=\"container\">\n\t\t\t\t<div class=\"elementor-element elementor-element-e9b7ac7 elementor-cta--skin-cover elementor-cta--valign-bottom elementor-widget__width-initial elementor-bg-transform elementor-bg-transform-zoom-in elementor-widget elementor-widget-call-to-action\" data-id=\"e9b7ac7\" data-element_type=\"widget\" data-widget_type=\"call-to-action.default\">\n\t\t\t\t<div class=\"elementor-widget-container\">\n\t\t\t\t\t\t\t<a class=\"elementor-cta\" href=\"https:\/\/premierpadel.hu\/palyak\/nagyret\/\">\n\t\t\t\t\t<div class=\"elementor-cta__bg-wrapper\">\n\t\t\t\t<div class=\"elementor-cta__bg elementor-bg\" style=\"background-image: url(https:\/\/premierpadel.hu\/wp-content\/uploads\/2025\/03\/premier-padel-huvosvolgy.webp);\" role=\"img\" aria-label=\"premier-padel-huvosvolgy\"><\/div>\n\t\t\t\t<div class=\"elementor-cta__bg-overlay\"><\/div>\n\t\t\t<\/div>\n\t\t\t\t\t\t\t<div class=\"elementor-cta__content\">\n\t\t\t\t\n\t\t\t\t\t\t\t\t\t<h3 class=\"elementor-cta__title elementor-cta__content-item elementor-content-item\">\n\t\t\t\t\t\tPremier padel Nagyr\u00e9t\t\t\t\t\t<\/h3>\n\t\t\t\t\n\t\t\t\t\t\t\t\t\t<div class=\"elementor-cta__description elementor-cta__content-item elementor-content-item\">\n\t\t\t\t\t\tBudapest - 2nd district\t\t\t\t\t<\/div>\n\t\t\t\t\n\t\t\t\t\t\t\t\t\t<div class=\"elementor-cta__button-wrapper elementor-cta__content-item elementor-content-item \">\n\t\t\t\t\t<span class=\"elementor-cta__button elementor-button elementor-size-\">\n\t\t\t\t\t\tDetails\t\t\t\t\t<\/span>\n\t\t\t\t\t<\/div>\n\t\t\t\t\t\t\t<\/div>\n\t\t\t\t\t\t<\/a>\n\t\t\t\t\t\t<\/div>\n\t\t\t\t<\/div>\n\t\t\t\t<div class=\"elementor-element elementor-element-81f879a elementor-cta--skin-cover elementor-cta--valign-bottom elementor-widget__width-initial elementor-bg-transform elementor-bg-transform-zoom-in elementor-widget elementor-widget-call-to-action\" data-id=\"81f879a\" data-element_type=\"widget\" data-widget_type=\"call-to-action.default\">\n\t\t\t\t<div class=\"elementor-widget-container\">\n\t\t\t\t\t\t\t<a class=\"elementor-cta\" href=\"https:\/\/premierpadel.hu\/palyak\/park\/\">\n\t\t\t\t\t<div class=\"elementor-cta__bg-wrapper\">\n\t\t\t\t<div class=\"elementor-cta__bg elementor-bg\" style=\"background-image: url(https:\/\/premierpadel.hu\/wp-content\/uploads\/2025\/03\/premier-padel-park.webp);\" role=\"img\" aria-label=\"premier-padel-park\"><\/div>\n\t\t\t\t<div class=\"elementor-cta__bg-overlay\"><\/div>\n\t\t\t<\/div>\n\t\t\t\t\t\t\t<div class=\"elementor-cta__content\">\n\t\t\t\t\n\t\t\t\t\t\t\t\t\t<h3 class=\"elementor-cta__title elementor-cta__content-item elementor-content-item\">\n\t\t\t\t\t\tPremier padel park\t\t\t\t\t<\/h3>\n\t\t\t\t\n\t\t\t\t\t\t\t\t\t<div class=\"elementor-cta__description elementor-cta__content-item elementor-content-item\">\n\t\t\t\t\t\tBudapest - 11th district\t\t\t\t\t<\/div>\n\t\t\t\t\n\t\t\t\t\t\t\t\t\t<div class=\"elementor-cta__button-wrapper elementor-cta__content-item elementor-content-item \">\n\t\t\t\t\t<span class=\"elementor-cta__button elementor-button elementor-size-\">\n\t\t\t\t\t\tDetails\t\t\t\t\t<\/span>\n\t\t\t\t\t<\/div>\n\t\t\t\t\t\t\t<\/div>\n\t\t\t\t\t\t<\/a>\n\t\t\t\t\t\t<\/div>\n\t\t\t\t<\/div>\n\t\t\t\t<div class=\"elementor-element elementor-element-ea21436 elementor-cta--skin-cover elementor-cta--valign-bottom elementor-widget__width-initial elementor-bg-transform elementor-bg-transform-zoom-in elementor-widget elementor-widget-call-to-action\" data-id=\"ea21436\" data-element_type=\"widget\" data-widget_type=\"call-to-action.default\">\n\t\t\t\t<div class=\"elementor-widget-container\">\n\t\t\t\t\t\t\t<a class=\"elementor-cta\" href=\"https:\/\/premierpadel.hu\/palyak\/fured\/\">\n\t\t\t\t\t<div class=\"elementor-cta__bg-wrapper\">\n\t\t\t\t<div class=\"elementor-cta__bg elementor-bg\" style=\"background-image: url(https:\/\/premierpadel.hu\/wp-content\/uploads\/2025\/03\/premier-padel-fured.webp);\" role=\"img\" aria-label=\"premier-padel-fured\"><\/div>\n\t\t\t\t<div class=\"elementor-cta__bg-overlay\"><\/div>\n\t\t\t<\/div>\n\t\t\t\t\t\t\t<div class=\"elementor-cta__content\">\n\t\t\t\t\n\t\t\t\t\t\t\t\t\t<h3 class=\"elementor-cta__title elementor-cta__content-item elementor-content-item\">\n\t\t\t\t\t\tPremier padel F\u00fcred\t\t\t\t\t<\/h3>\n\t\t\t\t\n\t\t\t\t\t\t\t\t\t<div class=\"elementor-cta__description elementor-cta__content-item elementor-content-item\">\n\t\t\t\t\t\tBalatonf\u00fcred - Forr\u00e1s\t\t\t\t\t<\/div>\n\t\t\t\t\n\t\t\t\t\t\t\t\t\t<div class=\"elementor-cta__button-wrapper elementor-cta__content-item elementor-content-item \">\n\t\t\t\t\t<span class=\"elementor-cta__button elementor-button elementor-size-\">\n\t\t\t\t\t\tDetails\t\t\t\t\t<\/span>\n\t\t\t\t\t<\/div>\n\t\t\t\t\t\t\t<\/div>\n\t\t\t\t\t\t<\/a>\n\t\t\t\t\t\t<\/div>\n\t\t\t\t<\/div>\n\t\t\t\t<div class=\"elementor-element elementor-element-64bd83e elementor-cta--skin-cover elementor-cta--valign-bottom elementor-widget__width-initial elementor-bg-transform elementor-bg-transform-zoom-in elementor-widget elementor-widget-call-to-action\" data-id=\"64bd83e\" data-element_type=\"widget\" data-widget_type=\"call-to-action.default\">\n\t\t\t\t<div class=\"elementor-widget-container\">\n\t\t\t\t\t\t\t<div class=\"elementor-cta\">\n\t\t\t\t\t<div class=\"elementor-cta__bg-wrapper\">\n\t\t\t\t<div class=\"elementor-cta__bg elementor-bg\" style=\"background-image: url(https:\/\/premierpadel.hu\/wp-content\/uploads\/2026\/03\/premier-padel-deberecen-1.webp);\" role=\"img\" aria-label=\"premier-padel-deberecen.webp\"><\/div>\n\t\t\t\t<div class=\"elementor-cta__bg-overlay\"><\/div>\n\t\t\t<\/div>\n\t\t\t\t\t\t\t<div class=\"elementor-cta__content\">\n\t\t\t\t\n\t\t\t\t\n\t\t\t\t\n\t\t\t\t\t\t\t\t\t<div class=\"elementor-cta__button-wrapper elementor-cta__content-item elementor-content-item \">\n\t\t\t\t\t<a class=\"elementor-cta__button elementor-button elementor-size-\">\n\t\t\t\t\t\tComing soon\t\t\t\t\t<\/a>\n\t\t\t\t\t<\/div>\n\t\t\t\t\t\t\t<\/div>\n\t\t\t\t\t\t<\/div>\n\t\t\t\t\t\t<\/div>\n\t\t\t\t<\/div>\n\t\t\t\t<\/div>\n\t\t\t\t\t<\/div>\n\t\t\t\t<\/div>\n\t\t<div class=\"elementor-element elementor-element-fa02edc e-flex e-con-boxed e-con e-parent\" data-id=\"fa02edc\" data-element_type=\"container\" data-settings=\"{&quot;background_background&quot;:&quot;classic&quot;}\">\n\t\t\t\t\t<div class=\"e-con-inner\">\n\t\t\t\t<div class=\"elementor-element elementor-element-f02221b elementor-widget__width-initial elementor-position-top elementor-widget elementor-widget-image-box\" data-id=\"f02221b\" data-element_type=\"widget\" data-widget_type=\"image-box.default\">\n\t\t\t\t<div class=\"elementor-widget-container\">\n\t\t\t\t\t<div class=\"elementor-image-box-wrapper\"><figure class=\"elementor-image-box-img\"><img decoding=\"async\" width=\"60\" height=\"61\" src=\"https:\/\/premierpadel.hu\/wp-content\/uploads\/2025\/03\/profi-palyak.svg\" class=\"attachment-full size-full wp-image-1096\" alt=\"\" \/><\/figure><div class=\"elementor-image-box-content\"><p class=\"elementor-image-box-title\">Professional courts, all year round<\/p><p class=\"elementor-image-box-description\">With us, perfect conditions await you all year round \u2014 our indoor and outdoor courts are always ready for play. No need to worry about the weather \u2014 the game never stops with us!<\/p><\/div><\/div>\t\t\t\t<\/div>\n\t\t\t\t<\/div>\n\t\t\t\t<div class=\"elementor-element elementor-element-b1bb077 elementor-widget__width-initial elementor-position-top elementor-widget elementor-widget-image-box\" data-id=\"b1bb077\" data-element_type=\"widget\" data-widget_type=\"image-box.default\">\n\t\t\t\t<div class=\"elementor-widget-container\">\n\t\t\t\t\t<div class=\"elementor-image-box-wrapper\"><figure class=\"elementor-image-box-img\"><img decoding=\"async\" width=\"60\" height=\"61\" src=\"https:\/\/premierpadel.hu\/wp-content\/uploads\/2025\/03\/profi-edzok.svg\" class=\"attachment-full size-full wp-image-1095\" alt=\"\" \/><\/figure><div class=\"elementor-image-box-content\"><p class=\"elementor-image-box-title\">Professional coaches and club managers are here to support you<\/p><p class=\"elementor-image-box-description\">Whether you\u2019re just starting out or you\u2019re an advanced player, our coaches and club managers will help you find the perfect partners to match your level. With us, you never have to look for a match alone \u2014 we connect you with the community!<\/p><\/div><\/div>\t\t\t\t<\/div>\n\t\t\t\t<\/div>\n\t\t\t\t<div class=\"elementor-element elementor-element-64cdaa4 elementor-widget__width-initial elementor-position-top elementor-widget elementor-widget-image-box\" data-id=\"64cdaa4\" data-element_type=\"widget\" data-widget_type=\"image-box.default\">\n\t\t\t\t<div class=\"elementor-widget-container\">\n\t\t\t\t\t<div class=\"elementor-image-box-wrapper\"><figure class=\"elementor-image-box-img\"><img loading=\"lazy\" decoding=\"async\" width=\"60\" height=\"61\" src=\"https:\/\/premierpadel.hu\/wp-content\/uploads\/2025\/03\/minden-korosztaly.svg\" class=\"attachment-full size-full wp-image-1094\" alt=\"\" \/><\/figure><div class=\"elementor-image-box-content\"><p class=\"elementor-image-box-title\">For all ages<\/p><p class=\"elementor-image-box-description\">Kids, adults, seniors \u2014 at Premier Padel, everyone feels right at home. A friendly community, plenty of events, and great company await you\u2014no matter your skill level!<\/p><\/div><\/div>\t\t\t\t<\/div>\n\t\t\t\t<\/div>\n\t\t\t\t\t<\/div>\n\t\t\t\t<\/div>\n\t\t<div class=\"elementor-element elementor-element-5ff2610 e-flex e-con-boxed e-con e-parent\" data-id=\"5ff2610\" data-element_type=\"container\" data-settings=\"{&quot;background_background&quot;:&quot;gradient&quot;}\">\n\t\t\t\t\t<div class=\"e-con-inner\">\n\t\t<div class=\"elementor-element elementor-element-7569c18 e-con-full e-flex e-con e-child\" data-id=\"7569c18\" data-element_type=\"container\">\n\t\t\t\t<div class=\"elementor-element elementor-element-00c31e5 elementor-widget elementor-widget-heading\" data-id=\"00c31e5\" data-element_type=\"widget\" data-widget_type=\"heading.default\">\n\t\t\t\t<div class=\"elementor-widget-container\">\n\t\t\t\t\t<h2 class=\"elementor-heading-title elementor-size-default\">Private events<\/h2>\t\t\t\t<\/div>\n\t\t\t\t<\/div>\n\t\t\t\t<div class=\"elementor-element elementor-element-232acfe elementor-widget elementor-widget-heading\" data-id=\"232acfe\" data-element_type=\"widget\" data-widget_type=\"heading.default\">\n\t\t\t\t<div class=\"elementor-widget-container\">\n\t\t\t\t\t<span class=\"elementor-heading-title elementor-size-default\">Whether it\u2019s a team-building event, birthday party, friendly gathering, or any private occasion, Premier Padel Club guarantees a unique and memorable experience!<\/span>\t\t\t\t<\/div>\n\t\t\t\t<\/div>\n\t\t\t\t<div class=\"elementor-element elementor-element-d299b74 elementor-widget elementor-widget-text-editor\" data-id=\"d299b74\" data-element_type=\"widget\" data-widget_type=\"text-editor.default\">\n\t\t\t\t<div class=\"elementor-widget-container\">\n\t\t\t\t\t\t\t\t\t<p>With us, you\u2019ll get more than just an ordinary event. On our professional courts, you\u2019re guaranteed the joy of movement, a vibrant community atmosphere, and plenty of good vibes. We assist with event planning: our coaches can organize custom matches or mini-tournaments to make sure your day is truly a hit. The club\u2019s welcoming atmosphere, professional team, and the sport\u2019s community-building spirit ensure everyone has a great time \u2014 even if it\u2019s their first time holding a racket.<\/p><p>If you\u2019re tired of the usual team-building clich\u00e9s or typical birthday parties, surprise yourself and your group with a truly fresh and energetic experience!<\/p>\t\t\t\t\t\t\t\t<\/div>\n\t\t\t\t<\/div>\n\t\t\t\t<div class=\"elementor-element elementor-element-5c569b5 elementor-align-left elementor-widget elementor-widget-button\" data-id=\"5c569b5\" data-element_type=\"widget\" data-widget_type=\"button.default\">\n\t\t\t\t<div class=\"elementor-widget-container\">\n\t\t\t\t\t\t\t\t\t<div class=\"elementor-button-wrapper\">\n\t\t\t\t\t<a class=\"elementor-button elementor-button-link elementor-size-sm\" href=\"https:\/\/premierpadel.hu\/en\/contact\/\">\n\t\t\t\t\t\t<span class=\"elementor-button-content-wrapper\">\n\t\t\t\t\t\t<span class=\"elementor-button-icon\">\n\t\t\t\t<svg xmlns=\"http:\/\/www.w3.org\/2000\/svg\" width=\"16\" height=\"17\" viewBox=\"0 0 16 17\" fill=\"none\"><path d=\"M6.5 2.5L11.5 9L2.5 14.5\" stroke=\"#051642\" stroke-width=\"3\"><\/path><\/svg>\t\t\t<\/span>\n\t\t\t\t\t\t\t\t\t<span class=\"elementor-button-text\">Contact<\/span>\n\t\t\t\t\t<\/span>\n\t\t\t\t\t<\/a>\n\t\t\t\t<\/div>\n\t\t\t\t\t\t\t\t<\/div>\n\t\t\t\t<\/div>\n\t\t\t\t<\/div>\n\t\t<div class=\"elementor-element elementor-element-8e93aa3 e-con-full relativ e-flex e-con e-child\" data-id=\"8e93aa3\" data-element_type=\"container\" data-settings=\"{&quot;position&quot;:&quot;absolute&quot;}\">\n\t\t\t\t<div class=\"elementor-element elementor-element-1940bfd elementor-absolute elementor-widget elementor-widget-image\" data-id=\"1940bfd\" data-element_type=\"widget\" data-settings=\"{&quot;_position&quot;:&quot;absolute&quot;}\" data-widget_type=\"image.default\">\n\t\t\t\t<div class=\"elementor-widget-container\">\n\t\t\t\t\t\t\t\t\t\t\t\t\t\t\t<img loading=\"lazy\" decoding=\"async\" width=\"400\" height=\"366\" src=\"https:\/\/premierpadel.hu\/wp-content\/uploads\/2025\/03\/zold-dekor-1.webp\" class=\"attachment-full size-full wp-image-2389\" alt=\"\" srcset=\"https:\/\/premierpadel.hu\/wp-content\/uploads\/2025\/03\/zold-dekor-1.webp 400w, https:\/\/premierpadel.hu\/wp-content\/uploads\/2025\/03\/zold-dekor-1-300x275.webp 300w\" sizes=\"(max-width: 400px) 100vw, 400px\" \/>\t\t\t\t\t\t\t\t\t\t\t\t\t\t\t<\/div>\n\t\t\t\t<\/div>\n\t\t\t\t<div class=\"elementor-element elementor-element-f548cdd elementor-widget elementor-widget-image\" data-id=\"f548cdd\" data-element_type=\"widget\" data-widget_type=\"image.default\">\n\t\t\t\t<div class=\"elementor-widget-container\">\n\t\t\t\t\t\t\t\t\t\t\t\t\t\t\t<img loading=\"lazy\" decoding=\"async\" width=\"800\" height=\"641\" src=\"https:\/\/premierpadel.hu\/wp-content\/uploads\/2025\/03\/privat-rendezveny.webp\" class=\"attachment-large size-large wp-image-2388\" alt=\"\" srcset=\"https:\/\/premierpadel.hu\/wp-content\/uploads\/2025\/03\/privat-rendezveny.webp 1024w, https:\/\/premierpadel.hu\/wp-content\/uploads\/2025\/03\/privat-rendezveny-700x561.webp 700w, https:\/\/premierpadel.hu\/wp-content\/uploads\/2025\/03\/privat-rendezveny-300x241.webp 300w, https:\/\/premierpadel.hu\/wp-content\/uploads\/2025\/03\/privat-rendezveny-768x616.webp 768w\" sizes=\"(max-width: 800px) 100vw, 800px\" \/>\t\t\t\t\t\t\t\t\t\t\t\t\t\t\t<\/div>\n\t\t\t\t<\/div>\n\t\t\t\t<\/div>\n\t\t\t\t\t<\/div>\n\t\t\t\t<\/div>\n\t\t\t\t<\/div>\n\t\t","protected":false},"excerpt":{"rendered":"<p>Play with us at all four locations! Premier padel Nagyr\u00e9t Budapest &#8211; 2nd district Details Premier padel park Budapest &#8211; 11th district Details Premier padel F\u00fcred Balatonf\u00fcred &#8211; Forr\u00e1s Details Coming soon Professional courts, all year round With us, perfect conditions await you all year round \u2014 our indoor and outdoor courts are always ready [&hellip;]<\/p>\n","protected":false},"author":6,"featured_media":2552,"parent":0,"menu_order":0,"comment_status":"closed","ping_status":"closed","template":"","meta":{"footnotes":""},"class_list":["post-2682","page","type-page","status-publish","has-post-thumbnail","hentry"],"yoast_head":"<!-- This site is optimized with the Yoast SEO plugin v25.1 - https:\/\/yoast.com\/wordpress\/plugins\/seo\/ -->\n<title>Courts - Premier Padel<\/title>\n<meta name=\"description\" content=\"Premier Padel Club is more than just a place to play \u2013 for us, padel is a true experience and a social way of life.\" \/>\n<meta name=\"robots\" content=\"index, follow, max-snippet:-1, max-image-preview:large, max-video-preview:-1\" \/>\n<link rel=\"canonical\" href=\"https:\/\/premierpadel.hu\/en\/courts\/\" \/>\n<meta property=\"og:locale\" content=\"en_US\" \/>\n<meta property=\"og:type\" content=\"article\" \/>\n<meta property=\"og:title\" content=\"Courts - Premier Padel\" \/>\n<meta property=\"og:description\" content=\"Premier Padel Club is more than just a place to play \u2013 for us, padel is a true experience and a social way of life.\" \/>\n<meta property=\"og:url\" content=\"https:\/\/premierpadel.hu\/en\/courts\/\" \/>\n<meta property=\"og:site_name\" content=\"Premier Padel\" \/>\n<meta property=\"article:modified_time\" content=\"2026-03-05T11:56:38+00:00\" \/>\n<meta property=\"og:image\" content=\"https:\/\/premierpadel.hu\/wp-content\/uploads\/2025\/04\/premier-padel.jpg\" \/>\n\t<meta property=\"og:image:width\" content=\"1200\" \/>\n\t<meta property=\"og:image:height\" content=\"675\" \/>\n\t<meta property=\"og:image:type\" content=\"image\/jpeg\" \/>\n<meta name=\"twitter:card\" content=\"summary_large_image\" \/>\n<meta name=\"twitter:label1\" content=\"Est. reading time\" \/>\n\t<meta name=\"twitter:data1\" content=\"3 minutes\" \/>\n<script type=\"application\/ld+json\" class=\"yoast-schema-graph\">{\"@context\":\"https:\/\/schema.org\",\"@graph\":[{\"@type\":\"WebPage\",\"@id\":\"https:\/\/premierpadel.hu\/en\/courts\/\",\"url\":\"https:\/\/premierpadel.hu\/en\/courts\/\",\"name\":\"Courts - Premier Padel\",\"isPartOf\":{\"@id\":\"https:\/\/premierpadel.hu\/en\/#website\"},\"primaryImageOfPage\":{\"@id\":\"https:\/\/premierpadel.hu\/en\/courts\/#primaryimage\"},\"image\":{\"@id\":\"https:\/\/premierpadel.hu\/en\/courts\/#primaryimage\"},\"thumbnailUrl\":\"https:\/\/premierpadel.hu\/wp-content\/uploads\/2025\/04\/premier-padel.jpg\",\"datePublished\":\"2025-03-26T10:40:12+00:00\",\"dateModified\":\"2026-03-05T11:56:38+00:00\",\"description\":\"Premier Padel Club is more than just a place to play \u2013 for us, padel is a true experience and a social way of life.\",\"breadcrumb\":{\"@id\":\"https:\/\/premierpadel.hu\/en\/courts\/#breadcrumb\"},\"inLanguage\":\"en-US\",\"potentialAction\":[{\"@type\":\"ReadAction\",\"target\":[\"https:\/\/premierpadel.hu\/en\/courts\/\"]}]},{\"@type\":\"ImageObject\",\"inLanguage\":\"en-US\",\"@id\":\"https:\/\/premierpadel.hu\/en\/courts\/#primaryimage\",\"url\":\"https:\/\/premierpadel.hu\/wp-content\/uploads\/2025\/04\/premier-padel.jpg\",\"contentUrl\":\"https:\/\/premierpadel.hu\/wp-content\/uploads\/2025\/04\/premier-padel.jpg\",\"width\":1200,\"height\":675},{\"@type\":\"BreadcrumbList\",\"@id\":\"https:\/\/premierpadel.hu\/en\/courts\/#breadcrumb\",\"itemListElement\":[{\"@type\":\"ListItem\",\"position\":1,\"name\":\"Home\",\"item\":\"https:\/\/premierpadel.hu\/en\/\"},{\"@type\":\"ListItem\",\"position\":2,\"name\":\"Courts\"}]},{\"@type\":\"WebSite\",\"@id\":\"https:\/\/premierpadel.hu\/en\/#website\",\"url\":\"https:\/\/premierpadel.hu\/en\/\",\"name\":\"Premier Padel\",\"description\":\"Az orsz\u00e1g els\u0151sz\u00e1m\u00fa padel k\u00f6z\u00f6ss\u00e9ge\",\"publisher\":{\"@id\":\"https:\/\/premierpadel.hu\/en\/#organization\"},\"potentialAction\":[{\"@type\":\"SearchAction\",\"target\":{\"@type\":\"EntryPoint\",\"urlTemplate\":\"https:\/\/premierpadel.hu\/en\/?s={search_term_string}\"},\"query-input\":{\"@type\":\"PropertyValueSpecification\",\"valueRequired\":true,\"valueName\":\"search_term_string\"}}],\"inLanguage\":\"en-US\"},{\"@type\":\"Organization\",\"@id\":\"https:\/\/premierpadel.hu\/en\/#organization\",\"name\":\"Premier Padel\",\"url\":\"https:\/\/premierpadel.hu\/en\/\",\"logo\":{\"@type\":\"ImageObject\",\"inLanguage\":\"en-US\",\"@id\":\"https:\/\/premierpadel.hu\/en\/#\/schema\/logo\/image\/\",\"url\":\"https:\/\/premierpadel.hu\/wp-content\/uploads\/2025\/04\/premier-padel-logo.png\",\"contentUrl\":\"https:\/\/premierpadel.hu\/wp-content\/uploads\/2025\/04\/premier-padel-logo.png\",\"width\":500,\"height\":500,\"caption\":\"Premier Padel\"},\"image\":{\"@id\":\"https:\/\/premierpadel.hu\/en\/#\/schema\/logo\/image\/\"}}]}<\/script>\n<!-- \/ Yoast SEO plugin. -->","yoast_head_json":{"title":"Courts - Premier Padel","description":"Premier Padel Club is more than just a place to play \u2013 for us, padel is a true experience and a social way of life.","robots":{"index":"index","follow":"follow","max-snippet":"max-snippet:-1","max-image-preview":"max-image-preview:large","max-video-preview":"max-video-preview:-1"},"canonical":"https:\/\/premierpadel.hu\/en\/courts\/","og_locale":"en_US","og_type":"article","og_title":"Courts - Premier Padel","og_description":"Premier Padel Club is more than just a place to play \u2013 for us, padel is a true experience and a social way of life.","og_url":"https:\/\/premierpadel.hu\/en\/courts\/","og_site_name":"Premier Padel","article_modified_time":"2026-03-05T11:56:38+00:00","og_image":[{"width":1200,"height":675,"url":"https:\/\/premierpadel.hu\/wp-content\/uploads\/2025\/04\/premier-padel.jpg","type":"image\/jpeg"}],"twitter_card":"summary_large_image","twitter_misc":{"Est. reading time":"3 minutes"},"schema":{"@context":"https:\/\/schema.org","@graph":[{"@type":"WebPage","@id":"https:\/\/premierpadel.hu\/en\/courts\/","url":"https:\/\/premierpadel.hu\/en\/courts\/","name":"Courts - Premier Padel","isPartOf":{"@id":"https:\/\/premierpadel.hu\/en\/#website"},"primaryImageOfPage":{"@id":"https:\/\/premierpadel.hu\/en\/courts\/#primaryimage"},"image":{"@id":"https:\/\/premierpadel.hu\/en\/courts\/#primaryimage"},"thumbnailUrl":"https:\/\/premierpadel.hu\/wp-content\/uploads\/2025\/04\/premier-padel.jpg","datePublished":"2025-03-26T10:40:12+00:00","dateModified":"2026-03-05T11:56:38+00:00","description":"Premier Padel Club is more than just a place to play \u2013 for us, padel is a true experience and a social way of life.","breadcrumb":{"@id":"https:\/\/premierpadel.hu\/en\/courts\/#breadcrumb"},"inLanguage":"en-US","potentialAction":[{"@type":"ReadAction","target":["https:\/\/premierpadel.hu\/en\/courts\/"]}]},{"@type":"ImageObject","inLanguage":"en-US","@id":"https:\/\/premierpadel.hu\/en\/courts\/#primaryimage","url":"https:\/\/premierpadel.hu\/wp-content\/uploads\/2025\/04\/premier-padel.jpg","contentUrl":"https:\/\/premierpadel.hu\/wp-content\/uploads\/2025\/04\/premier-padel.jpg","width":1200,"height":675},{"@type":"BreadcrumbList","@id":"https:\/\/premierpadel.hu\/en\/courts\/#breadcrumb","itemListElement":[{"@type":"ListItem","position":1,"name":"Home","item":"https:\/\/premierpadel.hu\/en\/"},{"@type":"ListItem","position":2,"name":"Courts"}]},{"@type":"WebSite","@id":"https:\/\/premierpadel.hu\/en\/#website","url":"https:\/\/premierpadel.hu\/en\/","name":"Premier Padel","description":"Az orsz\u00e1g els\u0151sz\u00e1m\u00fa padel k\u00f6z\u00f6ss\u00e9ge","publisher":{"@id":"https:\/\/premierpadel.hu\/en\/#organization"},"potentialAction":[{"@type":"SearchAction","target":{"@type":"EntryPoint","urlTemplate":"https:\/\/premierpadel.hu\/en\/?s={search_term_string}"},"query-input":{"@type":"PropertyValueSpecification","valueRequired":true,"valueName":"search_term_string"}}],"inLanguage":"en-US"},{"@type":"Organization","@id":"https:\/\/premierpadel.hu\/en\/#organization","name":"Premier Padel","url":"https:\/\/premierpadel.hu\/en\/","logo":{"@type":"ImageObject","inLanguage":"en-US","@id":"https:\/\/premierpadel.hu\/en\/#\/schema\/logo\/image\/","url":"https:\/\/premierpadel.hu\/wp-content\/uploads\/2025\/04\/premier-padel-logo.png","contentUrl":"https:\/\/premierpadel.hu\/wp-content\/uploads\/2025\/04\/premier-padel-logo.png","width":500,"height":500,"caption":"Premier Padel"},"image":{"@id":"https:\/\/premierpadel.hu\/en\/#\/schema\/logo\/image\/"}}]}},"_links":{"self":[{"href":"https:\/\/premierpadel.hu\/en\/wp-json\/wp\/v2\/pages\/2682","targetHints":{"allow":["GET"]}}],"collection":[{"href":"https:\/\/premierpadel.hu\/en\/wp-json\/wp\/v2\/pages"}],"about":[{"href":"https:\/\/premierpadel.hu\/en\/wp-json\/wp\/v2\/types\/page"}],"author":[{"embeddable":true,"href":"https:\/\/premierpadel.hu\/en\/wp-json\/wp\/v2\/users\/6"}],"replies":[{"embeddable":true,"href":"https:\/\/premierpadel.hu\/en\/wp-json\/wp\/v2\/comments?post=2682"}],"version-history":[{"count":0,"href":"https:\/\/premierpadel.hu\/en\/wp-json\/wp\/v2\/pages\/2682\/revisions"}],"wp:featuredmedia":[{"embeddable":true,"href":"https:\/\/premierpadel.hu\/en\/wp-json\/wp\/v2\/media\/2552"}],"wp:attachment":[{"href":"https:\/\/premierpadel.hu\/en\/wp-json\/wp\/v2\/media?parent=2682"}],"curies":[{"name":"wp","href":"https:\/\/api.w.org\/{rel}","templated":true}]}}